{"id":8,"date":"2018-07-31T05:07:57","date_gmt":"2018-07-31T05:07:57","guid":{"rendered":"https:\/\/new.carrosserie-briano.ch\/?page_id=8"},"modified":"2020-06-11T10:44:04","modified_gmt":"2020-06-11T10:44:04","slug":"home","status":"publish","type":"page","link":"https:\/\/carrosserie-briano.ch\/","title":{"rendered":"Home"},"content":{"rendered":"<p>Willkommen im Fricktal<\/p>\n<p>Haben Sie ein Carrosserieschaden an Ihrem Fahrzeug?<\/p>\n<p>Dann ist es bei uns in den besten H\u00e4nden.<\/p>\n<p>Wir sind ein effizienter kundenfreundlicher Kleinbetrieb in Ihrer n\u00e4chsten Umgebung.<\/p>\n<p>Unfall-Reparaturen Neu-Lackierungen und Restaurationen werden bei uns ausgef\u00fchrt.<\/p>\n<p>Ein Fachbetrieb spezialisiert auf Carrosseriesch\u00e4den.<\/p>\n<p>Mit eigener Spengler-Maler-Abteilung alles unter einem Dach.<\/p>\n<p>F\u00fcr Ihren Fahrzeugersatz ist gesorgt .<\/p>\n<p>Dario Briano<\/p>\n","protected":false},"excerpt":{"rendered":"<p>Willkommen im Fricktal Haben Sie ein Carrosserieschaden an Ihrem Fahrzeug? Dann ist es bei uns in den besten H\u00e4nden. Wir sind ein effizienter kundenfreundlicher Kleinbetrieb in Ihrer n\u00e4chsten Umgebung. Unfall-Reparaturen Neu-Lackierungen und Restaurationen werden bei uns ausgef\u00fchrt. Ein Fachbetrieb spezialisiert auf Carrosseriesch\u00e4den. Mit eigener Spengler-Maler-Abteilung alles unter einem Dach. F\u00fcr Ihren Fahrzeugersatz ist gesorgt . &hellip; <a href=\"https:\/\/carrosserie-briano.ch\/\" class=\"more-link\"><span class=\"screen-reader-text\">Home<\/span> weiterlesen <span class=\"meta-nav\">&rarr;<\/span><\/a><\/p>\n","protected":false},"author":3,"featured_media":0,"parent":0,"menu_order":1,"comment_status":"closed","ping_status":"closed","template":"","meta":{"footnotes":""},"class_list":["post-8","page","type-page","status-publish","hentry"],"_links":{"self":[{"href":"https:\/\/carrosserie-briano.ch\/index.php\/wp-json\/wp\/v2\/pages\/8","targetHints":{"allow":["GET"]}}],"collection":[{"href":"https:\/\/carrosserie-briano.ch\/index.php\/wp-json\/wp\/v2\/pages"}],"about":[{"href":"https:\/\/carrosserie-briano.ch\/index.php\/wp-json\/wp\/v2\/types\/page"}],"author":[{"embeddable":true,"href":"https:\/\/carrosserie-briano.ch\/index.php\/wp-json\/wp\/v2\/users\/3"}],"replies":[{"embeddable":true,"href":"https:\/\/carrosserie-briano.ch\/index.php\/wp-json\/wp\/v2\/comments?post=8"}],"version-history":[{"count":8,"href":"https:\/\/carrosserie-briano.ch\/index.php\/wp-json\/wp\/v2\/pages\/8\/revisions"}],"predecessor-version":[{"id":241,"href":"https:\/\/carrosserie-briano.ch\/index.php\/wp-json\/wp\/v2\/pages\/8\/revisions\/241"}],"wp:attachment":[{"href":"https:\/\/carrosserie-briano.ch\/index.php\/wp-json\/wp\/v2\/media?parent=8"}],"curies":[{"name":"wp","href":"https:\/\/api.w.org\/{rel}","templated":true}]}}